{"id":17,"date":"2024-08-27T08:00:46","date_gmt":"2024-08-27T08:00:46","guid":{"rendered":"https:\/\/fibexus.com\/?page_id=17"},"modified":"2024-10-23T13:15:57","modified_gmt":"2024-10-23T13:15:57","slug":"services","status":"publish","type":"page","link":"https:\/\/fibexus.com\/de\/services\/","title":{"rendered":"Dienstleistungen"},"content":{"rendered":"<div data-elementor-type=\"wp-page\" data-elementor-id=\"17\" class=\"elementor elementor-17\">\n\t\t\t\t<div class=\"elementor-element elementor-element-3654a022 e-flex e-con-boxed e-con e-parent\" data-id=\"3654a022\" data-element_type=\"container\" data-e-type=\"container\" data-settings=\"{&quot;background_background&quot;:&quot;classic&quot;}\">\n\t\t\t\t\t<div class=\"e-con-inner\">\n\t\t\t\t<div class=\"elementor-element elementor-element-7545ca09 elementor-widget-divider--view-line elementor-widget elementor-widget-divider\" data-id=\"7545ca09\" data-element_type=\"widget\" data-e-type=\"widget\" data-widget_type=\"divider.default\">\n\t\t\t\t<div class=\"elementor-widget-container\">\n\t\t\t\t\t\t\t<div class=\"elementor-divider\">\n\t\t\t<span class=\"elementor-divider-separator\">\n\t\t\t\t\t\t<\/span>\n\t\t<\/div>\n\t\t\t\t\t\t<\/div>\n\t\t\t\t<\/div>\n\t\t\t\t<div class=\"elementor-element elementor-element-3e4216b elementor-widget elementor-widget-heading\" data-id=\"3e4216b\" data-element_type=\"widget\" data-e-type=\"widget\" data-widget_type=\"heading.default\">\n\t\t\t\t<div class=\"elementor-widget-container\">\n\t\t\t\t\t<h2 class=\"elementor-heading-title elementor-size-default\">Unsere Dienstleistungen<\/h2>\t\t\t\t<\/div>\n\t\t\t\t<\/div>\n\t\t\t\t<div class=\"elementor-element elementor-element-3d620273 elementor-widget elementor-widget-text-editor\" data-id=\"3d620273\" data-element_type=\"widget\" data-e-type=\"widget\" data-widget_type=\"text-editor.default\">\n\t\t\t\t<div class=\"elementor-widget-container\">\n\t\t\t\t\t\t\t\t\t<p><a href=\"#\">Home<\/a> \/ Services<\/p>\t\t\t\t\t\t\t\t<\/div>\n\t\t\t\t<\/div>\n\t\t\t\t\t<\/div>\n\t\t\t\t<\/div>\n\t\t<div class=\"elementor-element elementor-element-52d1a69 e-flex e-con-boxed e-con e-parent\" data-id=\"52d1a69\" data-element_type=\"container\" data-e-type=\"container\">\n\t\t\t\t\t<div class=\"e-con-inner\">\n\t\t\t\t<div class=\"elementor-element elementor-element-8ae2312 elementor-widget-divider--view-line_text elementor-widget-divider--element-align-center elementor-widget elementor-widget-divider\" data-id=\"8ae2312\" data-element_type=\"widget\" data-e-type=\"widget\" data-widget_type=\"divider.default\">\n\t\t\t\t<div class=\"elementor-widget-container\">\n\t\t\t\t\t\t\t<div class=\"elementor-divider\">\n\t\t\t<span class=\"elementor-divider-separator\">\n\t\t\t\t\t\t\t<span class=\"elementor-divider__text elementor-divider__element\">\n\t\t\t\tUnsere Dienstleistungen\t\t\t\t<\/span>\n\t\t\t\t\t\t<\/span>\n\t\t<\/div>\n\t\t\t\t\t\t<\/div>\n\t\t\t\t<\/div>\n\t\t\t\t<div class=\"elementor-element elementor-element-d1fad01 animated-slow elementor-invisible elementor-widget elementor-widget-heading\" data-id=\"d1fad01\" data-element_type=\"widget\" data-e-type=\"widget\" data-settings=\"{&quot;_animation&quot;:&quot;fadeInUp&quot;}\" data-widget_type=\"heading.default\">\n\t\t\t\t<div class=\"elementor-widget-container\">\n\t\t\t\t\t<h3 class=\"elementor-heading-title elementor-size-default\">Expertenunterst\u00fctzung und Reinrauml\u00f6sungen<\/h3>\t\t\t\t<\/div>\n\t\t\t\t<\/div>\n\t\t\t\t<div class=\"elementor-element elementor-element-2ac7bee elementor-widget__width-initial elementor-widget elementor-widget-text-editor\" data-id=\"2ac7bee\" data-element_type=\"widget\" data-e-type=\"widget\" data-widget_type=\"text-editor.default\">\n\t\t\t\t<div class=\"elementor-widget-container\">\n\t\t\t\t\t\t\t\t\t<p><span lang=\"fr-CH\">Unser umfassendes Serviceangebot ist darauf ausgelegt, Ihre Projekte von der Konzeptphase bis zur Fertigstellung zu unterst\u00fctzen. Egal, ob Sie ein neues Produkt entwickeln oder ein bestehendes System optimieren \u2013 wir bieten das Know-how und die Werkzeuge, um Ihren Erfolg sicherzustellen. Unsere Dienstleistungen umfassen Beratung und Entwicklungsunterst\u00fctzung, strenge Tests und Qualit\u00e4tssicherung sowie spezialisierte Reinraumfertigung f\u00fcr Anwendungen, die h\u00f6chste Sauberkeit und Kontaminationskontrolle erfordern. Dar\u00fcber hinaus bieten wir Prototypen- und Kleinserienfertigung an, damit Sie Ihre Designs vor der Massenproduktion verfeinern k\u00f6nnen. Mit unserem Engagement f\u00fcr Pr\u00e4zision, Qualit\u00e4t und Effizienz k\u00f6nnen Sie darauf vertrauen, dass wir L\u00f6sungen liefern, die Ihre Abl\u00e4ufe verbessern und Ihre Projekte vorantreiben. <\/span>We also provide prototyping and small batch production, allowing you to refine your designs before full-scale manufacturing. <span lang=\"fr-CH\">With our commitment to precision, quality, and efficiency, you can trust us to deliver solutions that enhance your operations and drive your projects forward.<\/span><\/p>\t\t\t\t\t\t\t\t<\/div>\n\t\t\t\t<\/div>\n\t\t\t\t\t<\/div>\n\t\t\t\t<\/div>\n\t\t<div class=\"elementor-element elementor-element-2ade905 e-flex e-con-boxed e-con e-parent\" data-id=\"2ade905\" data-element_type=\"container\" data-e-type=\"container\" data-settings=\"{&quot;background_background&quot;:&quot;classic&quot;}\">\n\t\t\t\t\t<div class=\"e-con-inner\">\n\t\t\t\t<div class=\"elementor-element elementor-element-91582c2 elementor-widget elementor-widget-heading\" data-id=\"91582c2\" data-element_type=\"widget\" data-e-type=\"widget\" data-widget_type=\"heading.default\">\n\t\t\t\t<div class=\"elementor-widget-container\">\n\t\t\t\t\t<h3 class=\"elementor-heading-title elementor-size-default\">Optimieren Sie Ihre Schlauchl\u00f6sungen noch heute!<\/h3>\t\t\t\t<\/div>\n\t\t\t\t<\/div>\n\t\t\t\t<div class=\"elementor-element elementor-element-a944fc5 elementor-widget elementor-widget-heading\" data-id=\"a944fc5\" data-element_type=\"widget\" data-e-type=\"widget\" data-widget_type=\"heading.default\">\n\t\t\t\t<div class=\"elementor-widget-container\">\n\t\t\t\t\t<h4 class=\"elementor-heading-title elementor-size-default\">Erleben Sie unvergleichliche Qualit\u00e4t und Innovation mit Fibexus.\n\n<\/h4>\t\t\t\t<\/div>\n\t\t\t\t<\/div>\n\t\t\t\t<div class=\"elementor-element elementor-element-68b7fea elementor-widget elementor-widget-button\" data-id=\"68b7fea\" data-element_type=\"widget\" data-e-type=\"widget\" data-widget_type=\"button.default\">\n\t\t\t\t<div class=\"elementor-widget-container\">\n\t\t\t\t\t\t\t\t\t<div class=\"elementor-button-wrapper\">\n\t\t\t\t\t<a class=\"elementor-button elementor-button-link elementor-size-sm elementor-animation-float\" href=\"https:\/\/fibexus.com\/de\/contact\/\">\n\t\t\t\t\t\t<span class=\"elementor-button-content-wrapper\">\n\t\t\t\t\t\t\t\t\t<span class=\"elementor-button-text\">Jetzt Anfragen<\/span>\n\t\t\t\t\t<\/span>\n\t\t\t\t\t<\/a>\n\t\t\t\t<\/div>\n\t\t\t\t\t\t\t\t<\/div>\n\t\t\t\t<\/div>\n\t\t\t\t\t<\/div>\n\t\t\t\t<\/div>\n\t\t<div class=\"elementor-element elementor-element-197421f e-flex e-con-boxed e-con e-parent\" data-id=\"197421f\" data-element_type=\"container\" data-e-type=\"container\">\n\t\t\t\t\t<div class=\"e-con-inner\">\n\t\t<div class=\"elementor-element elementor-element-5c2fe3c e-con-full e-flex e-con e-child\" data-id=\"5c2fe3c\" data-element_type=\"container\" data-e-type=\"container\">\n\t\t\t\t<div class=\"elementor-element elementor-element-f73fbb6 elementor-widget-divider--view-line_text elementor-widget-divider--element-align-right elementor-widget elementor-widget-divider\" data-id=\"f73fbb6\" data-element_type=\"widget\" data-e-type=\"widget\" data-widget_type=\"divider.default\">\n\t\t\t\t<div class=\"elementor-widget-container\">\n\t\t\t\t\t\t\t<div class=\"elementor-divider\">\n\t\t\t<span class=\"elementor-divider-separator\">\n\t\t\t\t\t\t\t<span class=\"elementor-divider__text elementor-divider__element\">\n\t\t\t\tJoin Us\t\t\t\t<\/span>\n\t\t\t\t\t\t<\/span>\n\t\t<\/div>\n\t\t\t\t\t\t<\/div>\n\t\t\t\t<\/div>\n\t\t\t\t<div class=\"elementor-element elementor-element-adeb920 animated-slow elementor-invisible elementor-widget elementor-widget-heading\" data-id=\"adeb920\" data-element_type=\"widget\" data-e-type=\"widget\" data-settings=\"{&quot;_animation&quot;:&quot;fadeInUp&quot;}\" data-widget_type=\"heading.default\">\n\t\t\t\t<div class=\"elementor-widget-container\">\n\t\t\t\t\t<h3 class=\"elementor-heading-title elementor-size-default\">Join Our Journey to Revolutionize the Industry<\/h3>\t\t\t\t<\/div>\n\t\t\t\t<\/div>\n\t\t\t\t<div class=\"elementor-element elementor-element-1890f88 elementor-widget elementor-widget-text-editor\" data-id=\"1890f88\" data-element_type=\"widget\" data-e-type=\"widget\" data-widget_type=\"text-editor.default\">\n\t\t\t\t<div class=\"elementor-widget-container\">\n\t\t\t\t\t\t\t\t\t<p>Our relentless pursuit of excellence drives us to invest in cutting-edge technologies, adopt advanced production processes, and build a team of top-tier specialists. At Fibexus, we believe that true success comes from thinking differently and cultivating partnerships built on trust, transparency, and mutual respect.<\/p><p>Every project at Fibexus reflects our passion for quality and our commitment to our customers\u2019 success. We invite you to be part of this exciting journey. Together, we can push the limits of what\u2019s possible and shape the future of the industry. Explore new horizons with Fibexus and set new standards for the industry.<\/p>\t\t\t\t\t\t\t\t<\/div>\n\t\t\t\t<\/div>\n\t\t\t\t<div class=\"elementor-element elementor-element-a55dc02 elementor-widget elementor-widget-button\" data-id=\"a55dc02\" data-element_type=\"widget\" data-e-type=\"widget\" data-widget_type=\"button.default\">\n\t\t\t\t<div class=\"elementor-widget-container\">\n\t\t\t\t\t\t\t\t\t<div class=\"elementor-button-wrapper\">\n\t\t\t\t\t<a class=\"elementor-button elementor-button-link elementor-size-sm elementor-animation-float\" href=\"https:\/\/fibexus.com\/de\/contact\/\">\n\t\t\t\t\t\t<span class=\"elementor-button-content-wrapper\">\n\t\t\t\t\t\t\t\t\t<span class=\"elementor-button-text\">Get In Contact<\/span>\n\t\t\t\t\t<\/span>\n\t\t\t\t\t<\/a>\n\t\t\t\t<\/div>\n\t\t\t\t\t\t\t\t<\/div>\n\t\t\t\t<\/div>\n\t\t\t\t<\/div>\n\t\t<div class=\"elementor-element elementor-element-b172c81 e-con-full e-flex e-con e-child\" data-id=\"b172c81\" data-element_type=\"container\" data-e-type=\"container\">\n\t\t\t\t<div class=\"elementor-element elementor-element-add8e78 animated-slow elementor-invisible elementor-widget elementor-widget-image\" data-id=\"add8e78\" data-element_type=\"widget\" data-e-type=\"widget\" data-settings=\"{&quot;_animation&quot;:&quot;fadeInUp&quot;}\" data-widget_type=\"image.default\">\n\t\t\t\t<div class=\"elementor-widget-container\">\n\t\t\t\t\t\t\t\t\t\t\t\t\t\t\t<img fetchpriority=\"high\" decoding=\"async\" width=\"2560\" height=\"1463\" src=\"https:\/\/fibexus.com\/wp-content\/uploads\/2024\/09\/chankar_httpss.mj_.runKPyxt9IvbA8_A_highly_realistic_image_of_a__a7555877-0710-4789-8d89-7117520a9bff.png\" class=\"attachment-full size-full wp-image-817\" alt=\"fibexus\" srcset=\"https:\/\/fibexus.com\/wp-content\/uploads\/2024\/09\/chankar_httpss.mj_.runKPyxt9IvbA8_A_highly_realistic_image_of_a__a7555877-0710-4789-8d89-7117520a9bff.png 2560w, https:\/\/fibexus.com\/wp-content\/uploads\/2024\/09\/chankar_httpss.mj_.runKPyxt9IvbA8_A_highly_realistic_image_of_a__a7555877-0710-4789-8d89-7117520a9bff-300x171.png 300w, https:\/\/fibexus.com\/wp-content\/uploads\/2024\/09\/chankar_httpss.mj_.runKPyxt9IvbA8_A_highly_realistic_image_of_a__a7555877-0710-4789-8d89-7117520a9bff-1024x585.png 1024w, https:\/\/fibexus.com\/wp-content\/uploads\/2024\/09\/chankar_httpss.mj_.runKPyxt9IvbA8_A_highly_realistic_image_of_a__a7555877-0710-4789-8d89-7117520a9bff-768x439.png 768w, https:\/\/fibexus.com\/wp-content\/uploads\/2024\/09\/chankar_httpss.mj_.runKPyxt9IvbA8_A_highly_realistic_image_of_a__a7555877-0710-4789-8d89-7117520a9bff-1536x878.png 1536w, https:\/\/fibexus.com\/wp-content\/uploads\/2024\/09\/chankar_httpss.mj_.runKPyxt9IvbA8_A_highly_realistic_image_of_a__a7555877-0710-4789-8d89-7117520a9bff-2048x1170.png 2048w\" sizes=\"(max-width: 2560px) 100vw, 2560px\" \/>\t\t\t\t\t\t\t\t\t\t\t\t\t\t\t<\/div>\n\t\t\t\t<\/div>\n\t\t\t\t<\/div>\n\t\t\t\t\t<\/div>\n\t\t\t\t<\/div>\n\t\t\t\t<\/div>","protected":false},"excerpt":{"rendered":"<p>Our Services Home \/ Services Our Services Expert Support and Cleanroom Solutions Our comprehensive suite of services is designed to support your projects from concept to completion. Whether you&#8217;re developing a new product or optimizing an existing system, we offer the expertise and tools to ensure your success. Our services include consulting and development support, [&hellip;]<\/p>\n","protected":false},"author":1,"featured_media":0,"parent":0,"menu_order":0,"comment_status":"closed","ping_status":"closed","template":"elementor_header_footer","meta":{"footnotes":""},"class_list":["post-17","page","type-page","status-publish","hentry"],"_links":{"self":[{"href":"https:\/\/fibexus.com\/de\/wp-json\/wp\/v2\/pages\/17","targetHints":{"allow":["GET"]}}],"collection":[{"href":"https:\/\/fibexus.com\/de\/wp-json\/wp\/v2\/pages"}],"about":[{"href":"https:\/\/fibexus.com\/de\/wp-json\/wp\/v2\/types\/page"}],"author":[{"embeddable":true,"href":"https:\/\/fibexus.com\/de\/wp-json\/wp\/v2\/users\/1"}],"replies":[{"embeddable":true,"href":"https:\/\/fibexus.com\/de\/wp-json\/wp\/v2\/comments?post=17"}],"version-history":[{"count":0,"href":"https:\/\/fibexus.com\/de\/wp-json\/wp\/v2\/pages\/17\/revisions"}],"wp:attachment":[{"href":"https:\/\/fibexus.com\/de\/wp-json\/wp\/v2\/media?parent=17"}],"curies":[{"name":"wp","href":"https:\/\/api.w.org\/{rel}","templated":true}]}}