{"id":1012,"date":"2024-09-07T09:12:33","date_gmt":"2024-09-07T09:12:33","guid":{"rendered":"https:\/\/fibexus.com\/?page_id=1012"},"modified":"2024-09-11T10:25:47","modified_gmt":"2024-09-11T10:25:47","slug":"expert-support-and-cleanroom-solutions","status":"publish","type":"page","link":"https:\/\/fibexus.com\/de\/expert-support-and-cleanroom-solutions\/","title":{"rendered":"Expertenunterst\u00fctzung und Reinrauml\u00f6sungen"},"content":{"rendered":"<div data-elementor-type=\"wp-page\" data-elementor-id=\"1012\" class=\"elementor elementor-1012\">\n\t\t\t\t<div class=\"elementor-element elementor-element-e0e1db3 e-flex e-con-boxed e-con e-parent\" data-id=\"e0e1db3\" data-element_type=\"container\" data-e-type=\"container\" data-settings=\"{&quot;background_background&quot;:&quot;classic&quot;}\">\n\t\t\t\t\t<div class=\"e-con-inner\">\n\t\t\t\t<div class=\"elementor-element elementor-element-b488191 elementor-widget__width-initial elementor-widget elementor-widget-heading\" data-id=\"b488191\" data-element_type=\"widget\" data-e-type=\"widget\" data-widget_type=\"heading.default\">\n\t\t\t\t<div class=\"elementor-widget-container\">\n\t\t\t\t\t<h2 class=\"elementor-heading-title elementor-size-default\">Unsere Dienstleistungen<\/h2>\t\t\t\t<\/div>\n\t\t\t\t<\/div>\n\t\t\t\t<div class=\"elementor-element elementor-element-37011ab elementor-widget elementor-widget-text-editor\" data-id=\"37011ab\" data-element_type=\"widget\" data-e-type=\"widget\" data-widget_type=\"text-editor.default\">\n\t\t\t\t<div class=\"elementor-widget-container\">\n\t\t\t\t\t\t\t\t\t<p><a href=\"https:\/\/fibexus.com\/de\/services\/\">Dienstleistungen<\/a> Expertenunterst\u00fctzung<\/p>\t\t\t\t\t\t\t\t<\/div>\n\t\t\t\t<\/div>\n\t\t\t\t\t<\/div>\n\t\t\t\t<\/div>\n\t\t<div class=\"elementor-element elementor-element-e2144f2 e-flex e-con-boxed e-con e-parent\" data-id=\"e2144f2\" data-element_type=\"container\" data-e-type=\"container\">\n\t\t\t\t\t<div class=\"e-con-inner\">\n\t\t\t\t<div class=\"elementor-element elementor-element-3a48fa0 elementor-widget__width-initial elementor-widget-mobile__width-inherit elementor-widget elementor-widget-text-editor\" data-id=\"3a48fa0\" data-element_type=\"widget\" data-e-type=\"widget\" data-widget_type=\"text-editor.default\">\n\t\t\t\t<div class=\"elementor-widget-container\">\n\t\t\t\t\t\t\t\t\t<p>Unser umfassendes Serviceangebot ist darauf ausgelegt, Ihre Projekte von der Konzeptphase bis zur Fertigstellung zu unterst\u00fctzen. Egal, ob Sie ein neues Produkt entwickeln oder ein bestehendes System optimieren \u2013 wir bieten das Know-how und die Werkzeuge, um Ihren Erfolg sicherzustellen. Unsere Dienstleistungen umfassen Beratung und Entwicklungsunterst\u00fctzung, strenge Tests und Qualit\u00e4tssicherung sowie spezialisierte Reinraumfertigung f\u00fcr Anwendungen, die h\u00f6chste Sauberkeit und Kontaminationskontrolle erfordern. Dar\u00fcber hinaus bieten wir Prototypen- und Kleinserienfertigung an, damit Sie Ihre Designs vor der Massenproduktion verfeinern k\u00f6nnen. Mit unserem Engagement f\u00fcr Pr\u00e4zision, Qualit\u00e4t und Effizienz k\u00f6nnen Sie darauf vertrauen, dass wir L\u00f6sungen liefern, die Ihre Abl\u00e4ufe verbessern und Ihre Projekte vorantreiben.<\/p>\t\t\t\t\t\t\t\t<\/div>\n\t\t\t\t<\/div>\n\t\t\t\t\t<\/div>\n\t\t\t\t<\/div>\n\t\t<div class=\"elementor-element elementor-element-ce9ee13 e-flex e-con-boxed e-con e-parent\" data-id=\"ce9ee13\" data-element_type=\"container\" data-e-type=\"container\">\n\t\t\t\t\t<div class=\"e-con-inner\">\n\t\t\t\t\t<\/div>\n\t\t\t\t<\/div>\n\t\t<div class=\"elementor-element elementor-element-003fb8b e-flex e-con-boxed e-con e-parent\" data-id=\"003fb8b\" data-element_type=\"container\" data-e-type=\"container\">\n\t\t\t\t\t<div class=\"e-con-inner\">\n\t\t<div class=\"elementor-element elementor-element-0392bd0 e-con-full e-flex e-con e-child\" data-id=\"0392bd0\" data-element_type=\"container\" data-e-type=\"container\">\n\t\t\t\t<div class=\"elementor-element elementor-element-a54fe6f elementor-widget elementor-widget-image\" data-id=\"a54fe6f\" data-element_type=\"widget\" data-e-type=\"widget\" data-widget_type=\"image.default\">\n\t\t\t\t<div class=\"elementor-widget-container\">\n\t\t\t\t\t\t\t\t\t\t\t\t\t\t\t<img fetchpriority=\"high\" decoding=\"async\" width=\"800\" height=\"602\" src=\"https:\/\/fibexus.com\/wp-content\/uploads\/2024\/09\/Services-Image-Clean-Room-1024x771.png\" class=\"attachment-large size-large wp-image-1028\" alt=\"fibexus\" srcset=\"https:\/\/fibexus.com\/wp-content\/uploads\/2024\/09\/Services-Image-Clean-Room-1024x771.png 1024w, https:\/\/fibexus.com\/wp-content\/uploads\/2024\/09\/Services-Image-Clean-Room-300x226.png 300w, https:\/\/fibexus.com\/wp-content\/uploads\/2024\/09\/Services-Image-Clean-Room-768x578.png 768w, https:\/\/fibexus.com\/wp-content\/uploads\/2024\/09\/Services-Image-Clean-Room-1536x1157.png 1536w, https:\/\/fibexus.com\/wp-content\/uploads\/2024\/09\/Services-Image-Clean-Room-2048x1543.png 2048w, https:\/\/fibexus.com\/wp-content\/uploads\/2024\/09\/Services-Image-Clean-Room-16x12.png 16w\" sizes=\"(max-width: 800px) 100vw, 800px\" \/>\t\t\t\t\t\t\t\t\t\t\t\t\t\t\t<\/div>\n\t\t\t\t<\/div>\n\t\t\t\t<\/div>\n\t\t<div class=\"elementor-element elementor-element-2778832 e-con-full e-flex e-con e-child\" data-id=\"2778832\" data-element_type=\"container\" data-e-type=\"container\">\n\t\t\t\t<div class=\"elementor-element elementor-element-0361378 elementor-widget elementor-widget-heading\" data-id=\"0361378\" data-element_type=\"widget\" data-e-type=\"widget\" data-widget_type=\"heading.default\">\n\t\t\t\t<div class=\"elementor-widget-container\">\n\t\t\t\t\t<h2 class=\"elementor-heading-title elementor-size-default\">Reinraumfertigung\n<\/h2>\t\t\t\t<\/div>\n\t\t\t\t<\/div>\n\t\t\t\t<div class=\"elementor-element elementor-element-eaa633f elementor-widget elementor-widget-text-editor\" data-id=\"eaa633f\" data-element_type=\"widget\" data-e-type=\"widget\" data-widget_type=\"text-editor.default\">\n\t\t\t\t<div class=\"elementor-widget-container\">\n\t\t\t\t\t\t\t\t\t<p>Auf Basis unserer umfangreichen Expertise in der Herstellung kundenspezifischer Schlauchbaugruppen bieten wir dasselbe hohe Ma\u00df an Pr\u00e4zision und Qualit\u00e4t auch in der Reinraumfertigung. Unsere hochmodernen Reinraumanlagen erm\u00f6glichen es uns, Komponenten und Baugruppen in einer kontrollierten Umgebung zu fertigen und dabei h\u00f6chste Standards in Bezug auf Sauberkeit und Kontaminationskontrolle zu gew\u00e4hrleisten. Dies ist besonders wichtig f\u00fcr Branchen wie die Medizin-, Pharma- und Biotechnologie, in denen die Reinheit der Produkte entscheidend ist. Durch die Nutzung unseres fundierten Know-hows liefern wir kundenspezifische Schlauchbaugruppen, die den strengen Reinheitsanforderungen selbst der anspruchsvollsten Anwendungen gerecht werden.<\/p>\t\t\t\t\t\t\t\t<\/div>\n\t\t\t\t<\/div>\n\t\t\t\t<\/div>\n\t\t\t\t\t<\/div>\n\t\t\t\t<\/div>\n\t\t<div class=\"elementor-element elementor-element-779be4f e-flex e-con-boxed e-con e-parent\" data-id=\"779be4f\" data-element_type=\"container\" data-e-type=\"container\">\n\t\t\t\t\t<div class=\"e-con-inner\">\n\t\t<div class=\"elementor-element elementor-element-55b89d2 e-con-full e-flex e-con e-child\" data-id=\"55b89d2\" data-element_type=\"container\" data-e-type=\"container\">\n\t\t\t\t<div class=\"elementor-element elementor-element-55f8acd elementor-hidden-desktop elementor-hidden-tablet elementor-widget elementor-widget-image\" data-id=\"55f8acd\" data-element_type=\"widget\" data-e-type=\"widget\" data-widget_type=\"image.default\">\n\t\t\t\t<div class=\"elementor-widget-container\">\n\t\t\t\t\t\t\t\t\t\t\t\t\t\t\t<img decoding=\"async\" width=\"800\" height=\"602\" src=\"https:\/\/fibexus.com\/wp-content\/uploads\/2024\/09\/Services-Image-Consulting-and-Development-Support-1024x771.png\" class=\"attachment-large size-large wp-image-1029\" alt=\"fibexus\" srcset=\"https:\/\/fibexus.com\/wp-content\/uploads\/2024\/09\/Services-Image-Consulting-and-Development-Support-1024x771.png 1024w, https:\/\/fibexus.com\/wp-content\/uploads\/2024\/09\/Services-Image-Consulting-and-Development-Support-300x226.png 300w, https:\/\/fibexus.com\/wp-content\/uploads\/2024\/09\/Services-Image-Consulting-and-Development-Support-768x578.png 768w, https:\/\/fibexus.com\/wp-content\/uploads\/2024\/09\/Services-Image-Consulting-and-Development-Support-1536x1157.png 1536w, https:\/\/fibexus.com\/wp-content\/uploads\/2024\/09\/Services-Image-Consulting-and-Development-Support-2048x1543.png 2048w, https:\/\/fibexus.com\/wp-content\/uploads\/2024\/09\/Services-Image-Consulting-and-Development-Support-16x12.png 16w\" sizes=\"(max-width: 800px) 100vw, 800px\" \/>\t\t\t\t\t\t\t\t\t\t\t\t\t\t\t<\/div>\n\t\t\t\t<\/div>\n\t\t\t\t<div class=\"elementor-element elementor-element-24b8eae elementor-widget elementor-widget-heading\" data-id=\"24b8eae\" data-element_type=\"widget\" data-e-type=\"widget\" data-widget_type=\"heading.default\">\n\t\t\t\t<div class=\"elementor-widget-container\">\n\t\t\t\t\t<h2 class=\"elementor-heading-title elementor-size-default\">Beratung und Entwicklungsunterst\u00fctzung\n<\/h2>\t\t\t\t<\/div>\n\t\t\t\t<\/div>\n\t\t\t\t<div class=\"elementor-element elementor-element-17974ac elementor-widget elementor-widget-text-editor\" data-id=\"17974ac\" data-element_type=\"widget\" data-e-type=\"widget\" data-widget_type=\"text-editor.default\">\n\t\t\t\t<div class=\"elementor-widget-container\">\n\t\t\t\t\t\t\t\t\t<p>Unsere Beratungsdienste bieten Ihnen von Anfang an fachkundige Unterst\u00fctzung. Wir helfen Ihnen bei der Materialauswahl, der Optimierung des Designs und der Kosteneffizienz, um sicherzustellen, dass Ihr Endprodukt sowohl qualitativ hochwertig als auch kosteneffizient ist. Egal, ob Sie ein neues Produkt entwickeln oder ein bestehendes verbessern \u2013 unser Team hilft Ihnen, die Komplexit\u00e4t Ihres Projekts souver\u00e4n zu meistern.<\/p>\t\t\t\t\t\t\t\t<\/div>\n\t\t\t\t<\/div>\n\t\t\t\t<\/div>\n\t\t<div class=\"elementor-element elementor-element-c2e0e8e e-con-full elementor-hidden-mobile e-flex e-con e-child\" data-id=\"c2e0e8e\" data-element_type=\"container\" data-e-type=\"container\">\n\t\t\t\t<div class=\"elementor-element elementor-element-0445e76 elementor-widget elementor-widget-image\" data-id=\"0445e76\" data-element_type=\"widget\" data-e-type=\"widget\" data-widget_type=\"image.default\">\n\t\t\t\t<div class=\"elementor-widget-container\">\n\t\t\t\t\t\t\t\t\t\t\t\t\t\t\t<img decoding=\"async\" width=\"800\" height=\"602\" src=\"https:\/\/fibexus.com\/wp-content\/uploads\/2024\/09\/Services-Image-Consulting-and-Development-Support-1024x771.png\" class=\"attachment-large size-large wp-image-1029\" alt=\"fibexus\" srcset=\"https:\/\/fibexus.com\/wp-content\/uploads\/2024\/09\/Services-Image-Consulting-and-Development-Support-1024x771.png 1024w, https:\/\/fibexus.com\/wp-content\/uploads\/2024\/09\/Services-Image-Consulting-and-Development-Support-300x226.png 300w, https:\/\/fibexus.com\/wp-content\/uploads\/2024\/09\/Services-Image-Consulting-and-Development-Support-768x578.png 768w, https:\/\/fibexus.com\/wp-content\/uploads\/2024\/09\/Services-Image-Consulting-and-Development-Support-1536x1157.png 1536w, https:\/\/fibexus.com\/wp-content\/uploads\/2024\/09\/Services-Image-Consulting-and-Development-Support-2048x1543.png 2048w, https:\/\/fibexus.com\/wp-content\/uploads\/2024\/09\/Services-Image-Consulting-and-Development-Support-16x12.png 16w\" sizes=\"(max-width: 800px) 100vw, 800px\" \/>\t\t\t\t\t\t\t\t\t\t\t\t\t\t\t<\/div>\n\t\t\t\t<\/div>\n\t\t\t\t<\/div>\n\t\t\t\t\t<\/div>\n\t\t\t\t<\/div>\n\t\t<div class=\"elementor-element elementor-element-46c30d2 e-flex e-con-boxed e-con e-parent\" data-id=\"46c30d2\" data-element_type=\"container\" data-e-type=\"container\">\n\t\t\t\t\t<div class=\"e-con-inner\">\n\t\t<div class=\"elementor-element elementor-element-b36fc75 e-con-full e-flex e-con e-child\" data-id=\"b36fc75\" data-element_type=\"container\" data-e-type=\"container\">\n\t\t\t\t<div class=\"elementor-element elementor-element-5c306f5 elementor-widget elementor-widget-image\" data-id=\"5c306f5\" data-element_type=\"widget\" data-e-type=\"widget\" data-widget_type=\"image.default\">\n\t\t\t\t<div class=\"elementor-widget-container\">\n\t\t\t\t\t\t\t\t\t\t\t\t\t\t\t<img decoding=\"async\" width=\"800\" height=\"602\" src=\"https:\/\/fibexus.com\/wp-content\/uploads\/2024\/09\/Services-Image-Testing-and-Inspection-1024x771.png\" class=\"attachment-large size-large wp-image-1032\" alt=\"fibexus\" srcset=\"https:\/\/fibexus.com\/wp-content\/uploads\/2024\/09\/Services-Image-Testing-and-Inspection-1024x771.png 1024w, https:\/\/fibexus.com\/wp-content\/uploads\/2024\/09\/Services-Image-Testing-and-Inspection-300x226.png 300w, https:\/\/fibexus.com\/wp-content\/uploads\/2024\/09\/Services-Image-Testing-and-Inspection-768x578.png 768w, https:\/\/fibexus.com\/wp-content\/uploads\/2024\/09\/Services-Image-Testing-and-Inspection-1536x1157.png 1536w, https:\/\/fibexus.com\/wp-content\/uploads\/2024\/09\/Services-Image-Testing-and-Inspection-2048x1543.png 2048w, https:\/\/fibexus.com\/wp-content\/uploads\/2024\/09\/Services-Image-Testing-and-Inspection-16x12.png 16w\" sizes=\"(max-width: 800px) 100vw, 800px\" \/>\t\t\t\t\t\t\t\t\t\t\t\t\t\t\t<\/div>\n\t\t\t\t<\/div>\n\t\t\t\t<\/div>\n\t\t<div class=\"elementor-element elementor-element-17edddf e-con-full e-flex e-con e-child\" data-id=\"17edddf\" data-element_type=\"container\" data-e-type=\"container\">\n\t\t\t\t<div class=\"elementor-element elementor-element-d4b7e33 elementor-widget elementor-widget-heading\" data-id=\"d4b7e33\" data-element_type=\"widget\" data-e-type=\"widget\" data-widget_type=\"heading.default\">\n\t\t\t\t<div class=\"elementor-widget-container\">\n\t\t\t\t\t<h2 class=\"elementor-heading-title elementor-size-default\">Tests und Pr\u00fcfungen (Drucktests, Dichtheitstests, Qualit\u00e4tskontrolle)\n<\/h2>\t\t\t\t<\/div>\n\t\t\t\t<\/div>\n\t\t\t\t<div class=\"elementor-element elementor-element-b58440e elementor-widget elementor-widget-text-editor\" data-id=\"b58440e\" data-element_type=\"widget\" data-e-type=\"widget\" data-widget_type=\"text-editor.default\">\n\t\t\t\t<div class=\"elementor-widget-container\">\n\t\t\t\t\t\t\t\t\t<p>Wir bieten ein umfassendes Spektrum an Test- und Inspektionsdienstleistungen, um die Leistung und Zuverl\u00e4ssigkeit Ihrer Schlauchbaugruppen sicherzustellen. Unsere strengen Pr\u00fcfverfahren umfassen Drucktests, Dichtheitstests und umfassende Qualit\u00e4tskontrollen. Diese Services sind darauf ausgelegt, potenzielle Probleme fr\u00fchzeitig zu erkennen und zu beheben, sodass Ihre Produkte den h\u00f6chsten Sicherheits- und Haltbarkeitsstandards entsprechen.<\/p>\t\t\t\t\t\t\t\t<\/div>\n\t\t\t\t<\/div>\n\t\t\t\t<\/div>\n\t\t\t\t\t<\/div>\n\t\t\t\t<\/div>\n\t\t<div class=\"elementor-element elementor-element-481c746 e-flex e-con-boxed e-con e-parent\" data-id=\"481c746\" data-element_type=\"container\" data-e-type=\"container\">\n\t\t\t\t\t<div class=\"e-con-inner\">\n\t\t<div class=\"elementor-element elementor-element-81eb912 e-con-full e-flex e-con e-child\" data-id=\"81eb912\" data-element_type=\"container\" data-e-type=\"container\">\n\t\t\t\t<div class=\"elementor-element elementor-element-599f66e elementor-hidden-desktop elementor-hidden-tablet elementor-widget elementor-widget-image\" data-id=\"599f66e\" data-element_type=\"widget\" data-e-type=\"widget\" data-widget_type=\"image.default\">\n\t\t\t\t<div class=\"elementor-widget-container\">\n\t\t\t\t\t\t\t\t\t\t\t\t\t\t\t<img loading=\"lazy\" decoding=\"async\" width=\"800\" height=\"602\" src=\"https:\/\/fibexus.com\/wp-content\/uploads\/2024\/09\/Services-Image-Prototyping-and-Small-Batch-Production-1024x771.png\" class=\"attachment-large size-large wp-image-1031\" alt=\"fibexus\" srcset=\"https:\/\/fibexus.com\/wp-content\/uploads\/2024\/09\/Services-Image-Prototyping-and-Small-Batch-Production-1024x771.png 1024w, https:\/\/fibexus.com\/wp-content\/uploads\/2024\/09\/Services-Image-Prototyping-and-Small-Batch-Production-300x226.png 300w, https:\/\/fibexus.com\/wp-content\/uploads\/2024\/09\/Services-Image-Prototyping-and-Small-Batch-Production-768x578.png 768w, https:\/\/fibexus.com\/wp-content\/uploads\/2024\/09\/Services-Image-Prototyping-and-Small-Batch-Production-1536x1157.png 1536w, https:\/\/fibexus.com\/wp-content\/uploads\/2024\/09\/Services-Image-Prototyping-and-Small-Batch-Production-2048x1543.png 2048w, https:\/\/fibexus.com\/wp-content\/uploads\/2024\/09\/Services-Image-Prototyping-and-Small-Batch-Production-16x12.png 16w\" sizes=\"(max-width: 800px) 100vw, 800px\" \/>\t\t\t\t\t\t\t\t\t\t\t\t\t\t\t<\/div>\n\t\t\t\t<\/div>\n\t\t\t\t<div class=\"elementor-element elementor-element-12ae57b elementor-widget elementor-widget-heading\" data-id=\"12ae57b\" data-element_type=\"widget\" data-e-type=\"widget\" data-widget_type=\"heading.default\">\n\t\t\t\t<div class=\"elementor-widget-container\">\n\t\t\t\t\t<h2 class=\"elementor-heading-title elementor-size-default\">Prototypen- und Kleinserienfertigung\n<\/h2>\t\t\t\t<\/div>\n\t\t\t\t<\/div>\n\t\t\t\t<div class=\"elementor-element elementor-element-19d9091 elementor-widget elementor-widget-text-editor\" data-id=\"19d9091\" data-element_type=\"widget\" data-e-type=\"widget\" data-widget_type=\"text-editor.default\">\n\t\t\t\t<div class=\"elementor-widget-container\">\n\t\t\t\t\t\t\t\t\t<p>Unsere Prototypen- und Kleinserienfertigung erm\u00f6glicht es Ihnen, Ihre Designs mit h\u00f6chster Pr\u00e4zision und Schnelligkeit in die Realit\u00e4t umzusetzen. Wir verstehen, wie wichtig Iterationen im Entwicklungsprozess sind, und bieten daher schnelle Durchlaufzeiten, um Ihnen zu helfen, Ihre Entw\u00fcrfe zu verfeinern, bevor Sie in die Gro\u00dfproduktion gehen. Unsere qualitativ hochwertigen Prototypen geben Ihnen die Sicherheit, dass jedes Detail Ihres Projekts sorgf\u00e4ltig und mit gr\u00f6\u00dfter Sorgfalt gefertigt wurde. Mit unserer Unterst\u00fctzung k\u00f6nnen Sie Ihre Ideen effizient weiterentwickeln und sicherstellen, dass Ihr Endprodukt genau den Anforderungen entspricht.<\/p>\t\t\t\t\t\t\t\t<\/div>\n\t\t\t\t<\/div>\n\t\t\t\t<\/div>\n\t\t<div class=\"elementor-element elementor-element-d897eda e-con-full elementor-hidden-mobile e-flex e-con e-child\" data-id=\"d897eda\" data-element_type=\"container\" data-e-type=\"container\">\n\t\t\t\t<div class=\"elementor-element elementor-element-37eec1e elementor-widget elementor-widget-image\" data-id=\"37eec1e\" data-element_type=\"widget\" data-e-type=\"widget\" data-widget_type=\"image.default\">\n\t\t\t\t<div class=\"elementor-widget-container\">\n\t\t\t\t\t\t\t\t\t\t\t\t\t\t\t<img loading=\"lazy\" decoding=\"async\" width=\"800\" height=\"602\" src=\"https:\/\/fibexus.com\/wp-content\/uploads\/2024\/09\/Services-Image-Prototyping-and-Small-Batch-Production-1024x771.png\" class=\"attachment-large size-large wp-image-1031\" alt=\"fibexus\" srcset=\"https:\/\/fibexus.com\/wp-content\/uploads\/2024\/09\/Services-Image-Prototyping-and-Small-Batch-Production-1024x771.png 1024w, https:\/\/fibexus.com\/wp-content\/uploads\/2024\/09\/Services-Image-Prototyping-and-Small-Batch-Production-300x226.png 300w, https:\/\/fibexus.com\/wp-content\/uploads\/2024\/09\/Services-Image-Prototyping-and-Small-Batch-Production-768x578.png 768w, https:\/\/fibexus.com\/wp-content\/uploads\/2024\/09\/Services-Image-Prototyping-and-Small-Batch-Production-1536x1157.png 1536w, https:\/\/fibexus.com\/wp-content\/uploads\/2024\/09\/Services-Image-Prototyping-and-Small-Batch-Production-2048x1543.png 2048w, https:\/\/fibexus.com\/wp-content\/uploads\/2024\/09\/Services-Image-Prototyping-and-Small-Batch-Production-16x12.png 16w\" sizes=\"(max-width: 800px) 100vw, 800px\" \/>\t\t\t\t\t\t\t\t\t\t\t\t\t\t\t<\/div>\n\t\t\t\t<\/div>\n\t\t\t\t<\/div>\n\t\t\t\t\t<\/div>\n\t\t\t\t<\/div>\n\t\t\t\t<\/div>","protected":false},"excerpt":{"rendered":"<p>Services \/ Expert Support Our comprehensive suite of services is designed to support your projects from concept to completion. Whether you&#8217;re developing a new product or optimizing an existing system, we offer the expertise and tools to ensure your success. Our services include consulting and development support, rigorous testing and quality assurance, and specialized cleanroom [&hellip;]<\/p>\n","protected":false},"author":1,"featured_media":0,"parent":0,"menu_order":0,"comment_status":"closed","ping_status":"closed","template":"elementor_header_footer","meta":{"footnotes":""},"class_list":["post-1012","page","type-page","status-publish","hentry"],"_links":{"self":[{"href":"https:\/\/fibexus.com\/de\/wp-json\/wp\/v2\/pages\/1012","targetHints":{"allow":["GET"]}}],"collection":[{"href":"https:\/\/fibexus.com\/de\/wp-json\/wp\/v2\/pages"}],"about":[{"href":"https:\/\/fibexus.com\/de\/wp-json\/wp\/v2\/types\/page"}],"author":[{"embeddable":true,"href":"https:\/\/fibexus.com\/de\/wp-json\/wp\/v2\/users\/1"}],"replies":[{"embeddable":true,"href":"https:\/\/fibexus.com\/de\/wp-json\/wp\/v2\/comments?post=1012"}],"version-history":[{"count":0,"href":"https:\/\/fibexus.com\/de\/wp-json\/wp\/v2\/pages\/1012\/revisions"}],"wp:attachment":[{"href":"https:\/\/fibexus.com\/de\/wp-json\/wp\/v2\/media?parent=1012"}],"curies":[{"name":"wp","href":"https:\/\/api.w.org\/{rel}","templated":true}]}}